{"id":287,"date":"2023-04-07T21:35:35","date_gmt":"2023-04-07T21:35:35","guid":{"rendered":"https:\/\/apgrupo.fccbk.com\/homepage\/"},"modified":"2023-11-07T18:25:32","modified_gmt":"2023-11-07T18:25:32","slug":"homepage","status":"publish","type":"page","link":"https:\/\/apgrupo.fccbk.com\/en\/","title":{"rendered":"Homepage"},"content":{"rendered":"","protected":false},"excerpt":{"rendered":"","protected":false},"author":1,"featured_media":0,"parent":0,"menu_order":0,"comment_status":"closed","ping_status":"closed","template":"","meta":{"footnotes":""},"class_list":["post-287","page","type-page","status-publish","hentry"],"acf":[],"yoast_head":"<!-- This site is optimized with the Yoast SEO plugin v21.5 - https:\/\/yoast.com\/wordpress\/plugins\/seo\/ -->\n<title>Homepage - A+P Grupo<\/title>\n<meta name=\"description\" content=\"Empresa tecnol\u00f3gica especializada en el dise\u00f1o y comercializaci\u00f3n de sistemas de embalaje isot\u00e9r\" \/>\n<meta name=\"robots\" content=\"index, follow, max-snippet:-1, max-image-preview:large, max-video-preview:-1\" \/>\n<link rel=\"canonical\" href=\"https:\/\/apgrupo.fccbk.com\/en\/\" \/>\n<meta property=\"og:locale\" content=\"en_US\" \/>\n<meta property=\"og:type\" content=\"article\" \/>\n<meta property=\"og:title\" content=\"A+P Grupo\" \/>\n<meta property=\"og:description\" content=\"Specialists in providing solutions for the control and maintenance of the Cold Chain\" \/>\n<meta property=\"og:url\" content=\"https:\/\/apgrupo.fccbk.com\/en\/\" \/>\n<meta property=\"og:site_name\" content=\"A+P Grupo\" \/>\n<meta property=\"article:publisher\" content=\"https:\/\/www.facebook.com\/apgrupoadvanced\/\" \/>\n<meta property=\"article:modified_time\" content=\"2023-11-07T18:25:32+00:00\" \/>\n<meta property=\"og:image\" content=\"https:\/\/apgrupo.fccbk.com\/wp-content\/uploads\/2023\/07\/facebook.png\" \/>\n\t<meta property=\"og:image:width\" content=\"1200\" \/>\n\t<meta property=\"og:image:height\" content=\"663\" \/>\n\t<meta property=\"og:image:type\" content=\"image\/png\" \/>\n<meta name=\"twitter:card\" content=\"summary_large_image\" \/>\n<meta name=\"twitter:title\" content=\"Ap Grupo\" \/>\n<meta name=\"twitter:description\" content=\"Specialists in providing solutions for the control and maintenance of the Cold Chain\" \/>\n<meta name=\"twitter:image\" content=\"https:\/\/apgrupo.fccbk.com\/wp-content\/uploads\/2023\/07\/facebook.png\" \/>\n<meta name=\"twitter:site\" content=\"@ap_coldchain\" \/>\n<script type=\"application\/ld+json\" class=\"yoast-schema-graph\">{\"@context\":\"https:\/\/schema.org\",\"@graph\":[{\"@type\":\"WebPage\",\"@id\":\"https:\/\/apgrupo.fccbk.com\/en\/\",\"url\":\"https:\/\/apgrupo.fccbk.com\/en\/\",\"name\":\"Homepage - A+P Grupo\",\"isPartOf\":{\"@id\":\"https:\/\/apgrupo.fccbk.com\/en\/#website\"},\"datePublished\":\"2023-04-07T21:35:35+00:00\",\"dateModified\":\"2023-11-07T18:25:32+00:00\",\"description\":\"Empresa tecnol\u00f3gica especializada en el dise\u00f1o y comercializaci\u00f3n de sistemas de embalaje isot\u00e9r\",\"breadcrumb\":{\"@id\":\"https:\/\/apgrupo.fccbk.com\/en\/#breadcrumb\"},\"inLanguage\":\"en-US\",\"potentialAction\":[{\"@type\":\"ReadAction\",\"target\":[\"https:\/\/apgrupo.fccbk.com\/en\/\"]}]},{\"@type\":\"BreadcrumbList\",\"@id\":\"https:\/\/apgrupo.fccbk.com\/en\/#breadcrumb\",\"itemListElement\":[{\"@type\":\"ListItem\",\"position\":1,\"name\":\"Home\",\"item\":\"https:\/\/apgrupo.fccbk.com\/en\/\"},{\"@type\":\"ListItem\",\"position\":2,\"name\":\"Homepage\"}]},{\"@type\":\"WebSite\",\"@id\":\"https:\/\/apgrupo.fccbk.com\/en\/#website\",\"url\":\"https:\/\/apgrupo.fccbk.com\/en\/\",\"name\":\"A+P Grupo\",\"description\":\"\",\"publisher\":{\"@id\":\"https:\/\/apgrupo.fccbk.com\/en\/#organization\"},\"potentialAction\":[{\"@type\":\"SearchAction\",\"target\":{\"@type\":\"EntryPoint\",\"urlTemplate\":\"https:\/\/apgrupo.fccbk.com\/en\/?s={search_term_string}\"},\"query-input\":\"required name=search_term_string\"}],\"inLanguage\":\"en-US\"},{\"@type\":\"Organization\",\"@id\":\"https:\/\/apgrupo.fccbk.com\/en\/#organization\",\"name\":\"Ap Grupo\",\"url\":\"https:\/\/apgrupo.fccbk.com\/en\/\",\"logo\":{\"@type\":\"ImageObject\",\"inLanguage\":\"en-US\",\"@id\":\"https:\/\/apgrupo.fccbk.com\/en\/#\/schema\/logo\/image\/\",\"url\":\"https:\/\/apgrupo.fccbk.com\/wp-content\/uploads\/2023\/07\/logo-color_c73c577e.png\",\"contentUrl\":\"https:\/\/apgrupo.fccbk.com\/wp-content\/uploads\/2023\/07\/logo-color_c73c577e.png\",\"width\":111,\"height\":83,\"caption\":\"Ap Grupo\"},\"image\":{\"@id\":\"https:\/\/apgrupo.fccbk.com\/en\/#\/schema\/logo\/image\/\"},\"sameAs\":[\"https:\/\/www.facebook.com\/apgrupoadvanced\/\",\"https:\/\/twitter.com\/ap_coldchain\",\"https:\/\/www.instagram.com\/ap_grupo\/?hl=es\",\"https:\/\/www.linkedin.com\/company\/a-p-grupo\/about\/\"]}]}<\/script>\n<!-- \/ Yoast SEO plugin. -->","yoast_head_json":{"title":"Homepage - A+P Grupo","description":"Empresa tecnol\u00f3gica especializada en el dise\u00f1o y comercializaci\u00f3n de sistemas de embalaje isot\u00e9r","robots":{"index":"index","follow":"follow","max-snippet":"max-snippet:-1","max-image-preview":"max-image-preview:large","max-video-preview":"max-video-preview:-1"},"canonical":"https:\/\/apgrupo.fccbk.com\/en\/","og_locale":"en_US","og_type":"article","og_title":"A+P Grupo","og_description":"Specialists in providing solutions for the control and maintenance of the Cold Chain","og_url":"https:\/\/apgrupo.fccbk.com\/en\/","og_site_name":"A+P Grupo","article_publisher":"https:\/\/www.facebook.com\/apgrupoadvanced\/","article_modified_time":"2023-11-07T18:25:32+00:00","og_image":[{"width":1200,"height":663,"url":"https:\/\/apgrupo.fccbk.com\/wp-content\/uploads\/2023\/07\/facebook.png","type":"image\/png"}],"twitter_card":"summary_large_image","twitter_title":"Ap Grupo","twitter_description":"Specialists in providing solutions for the control and maintenance of the Cold Chain","twitter_image":"https:\/\/apgrupo.fccbk.com\/wp-content\/uploads\/2023\/07\/facebook.png","twitter_site":"@ap_coldchain","schema":{"@context":"https:\/\/schema.org","@graph":[{"@type":"WebPage","@id":"https:\/\/apgrupo.fccbk.com\/en\/","url":"https:\/\/apgrupo.fccbk.com\/en\/","name":"Homepage - A+P Grupo","isPartOf":{"@id":"https:\/\/apgrupo.fccbk.com\/en\/#website"},"datePublished":"2023-04-07T21:35:35+00:00","dateModified":"2023-11-07T18:25:32+00:00","description":"Empresa tecnol\u00f3gica especializada en el dise\u00f1o y comercializaci\u00f3n de sistemas de embalaje isot\u00e9r","breadcrumb":{"@id":"https:\/\/apgrupo.fccbk.com\/en\/#breadcrumb"},"inLanguage":"en-US","potentialAction":[{"@type":"ReadAction","target":["https:\/\/apgrupo.fccbk.com\/en\/"]}]},{"@type":"BreadcrumbList","@id":"https:\/\/apgrupo.fccbk.com\/en\/#breadcrumb","itemListElement":[{"@type":"ListItem","position":1,"name":"Home","item":"https:\/\/apgrupo.fccbk.com\/en\/"},{"@type":"ListItem","position":2,"name":"Homepage"}]},{"@type":"WebSite","@id":"https:\/\/apgrupo.fccbk.com\/en\/#website","url":"https:\/\/apgrupo.fccbk.com\/en\/","name":"A+P Grupo","description":"","publisher":{"@id":"https:\/\/apgrupo.fccbk.com\/en\/#organization"},"potentialAction":[{"@type":"SearchAction","target":{"@type":"EntryPoint","urlTemplate":"https:\/\/apgrupo.fccbk.com\/en\/?s={search_term_string}"},"query-input":"required name=search_term_string"}],"inLanguage":"en-US"},{"@type":"Organization","@id":"https:\/\/apgrupo.fccbk.com\/en\/#organization","name":"Ap Grupo","url":"https:\/\/apgrupo.fccbk.com\/en\/","logo":{"@type":"ImageObject","inLanguage":"en-US","@id":"https:\/\/apgrupo.fccbk.com\/en\/#\/schema\/logo\/image\/","url":"https:\/\/apgrupo.fccbk.com\/wp-content\/uploads\/2023\/07\/logo-color_c73c577e.png","contentUrl":"https:\/\/apgrupo.fccbk.com\/wp-content\/uploads\/2023\/07\/logo-color_c73c577e.png","width":111,"height":83,"caption":"Ap Grupo"},"image":{"@id":"https:\/\/apgrupo.fccbk.com\/en\/#\/schema\/logo\/image\/"},"sameAs":["https:\/\/www.facebook.com\/apgrupoadvanced\/","https:\/\/twitter.com\/ap_coldchain","https:\/\/www.instagram.com\/ap_grupo\/?hl=es","https:\/\/www.linkedin.com\/company\/a-p-grupo\/about\/"]}]}},"_links":{"self":[{"href":"https:\/\/apgrupo.fccbk.com\/en\/wp-json\/wp\/v2\/pages\/287","targetHints":{"allow":["GET"]}}],"collection":[{"href":"https:\/\/apgrupo.fccbk.com\/en\/wp-json\/wp\/v2\/pages"}],"about":[{"href":"https:\/\/apgrupo.fccbk.com\/en\/wp-json\/wp\/v2\/types\/page"}],"author":[{"embeddable":true,"href":"https:\/\/apgrupo.fccbk.com\/en\/wp-json\/wp\/v2\/users\/1"}],"replies":[{"embeddable":true,"href":"https:\/\/apgrupo.fccbk.com\/en\/wp-json\/wp\/v2\/comments?post=287"}],"version-history":[{"count":1,"href":"https:\/\/apgrupo.fccbk.com\/en\/wp-json\/wp\/v2\/pages\/287\/revisions"}],"predecessor-version":[{"id":288,"href":"https:\/\/apgrupo.fccbk.com\/en\/wp-json\/wp\/v2\/pages\/287\/revisions\/288"}],"wp:attachment":[{"href":"https:\/\/apgrupo.fccbk.com\/en\/wp-json\/wp\/v2\/media?parent=287"}],"curies":[{"name":"wp","href":"https:\/\/api.w.org\/{rel}","templated":true}]}}